{"id":620,"date":"2023-11-28T09:42:21","date_gmt":"2023-11-28T08:42:21","guid":{"rendered":"https:\/\/dmx-toolbox.pycofa.fr\/static-memory-series\/"},"modified":"2023-11-28T16:38:07","modified_gmt":"2023-11-28T15:38:07","slug":"static-memory-series","status":"publish","type":"page","link":"https:\/\/dmxtoolbox.com\/en\/static-memory-series\/","title":{"rendered":"Static memory series"},"content":{"rendered":"\t\t<div data-elementor-type=\"wp-page\" data-elementor-id=\"620\" class=\"elementor elementor-620 elementor-385\" data-elementor-post-type=\"page\">\n\t\t\t\t<div class=\"elementor-element elementor-element-d4f2c8b e-flex e-con-boxed e-con e-parent\" data-id=\"d4f2c8b\" data-element_type=\"container\" data-settings=\"{&quot;background_background&quot;:&quot;classic&quot;}\">\n\t\t\t\t\t<div class=\"e-con-inner\">\n\t\t<div class=\"elementor-element elementor-element-02cafee e-flex e-con-boxed e-con e-child\" data-id=\"02cafee\" data-element_type=\"container\">\n\t\t\t\t\t<div class=\"e-con-inner\">\n\t\t\t\t<div class=\"elementor-element elementor-element-1ea0079 elementor-widget elementor-widget-heading\" data-id=\"1ea0079\" data-element_type=\"widget\" data-widget_type=\"heading.default\">\n\t\t\t\t<div class=\"elementor-widget-container\">\n\t\t\t<h1 class=\"elementor-heading-title elementor-size-default\">DMX static memory card<\/h1>\t\t<\/div>\n\t\t\t\t<\/div>\n\t\t\t\t<div class=\"elementor-element elementor-element-9524df1 elementor-widget__width-initial elementor-widget elementor-widget-text-editor\" data-id=\"9524df1\" data-element_type=\"widget\" data-widget_type=\"text-editor.default\">\n\t\t\t\t<div class=\"elementor-widget-container\">\n\t\t\t\t\t\t\t<p>The static memory DMX card provides essential autonomy for your installation. Thanks to its static DMX memory, you can store up to 8 different states, enabling you to cope with any possible power cuts and ensure the continuity of your installation.<\/p>\n\t\t\t\t\t\t<\/div>\n\t\t\t\t<\/div>\n\t\t\t\t\t<\/div>\n\t\t\t\t<\/div>\n\t\t\t\t\t<\/div>\n\t\t\t\t<\/div>\n\t\t<div class=\"elementor-element elementor-element-9007903 e-flex e-con-boxed e-con e-parent\" data-id=\"9007903\" data-element_type=\"container\" data-settings=\"{&quot;background_background&quot;:&quot;classic&quot;}\">\n\t\t\t\t\t<div class=\"e-con-inner\">\n\t\t<div class=\"elementor-element elementor-element-9cb9202 e-flex e-con-boxed e-con e-child\" data-id=\"9cb9202\" data-element_type=\"container\" data-settings=\"{&quot;background_background&quot;:&quot;classic&quot;}\">\n\t\t\t\t\t<div class=\"e-con-inner\">\n\t\t<div class=\"elementor-element elementor-element-95f6b53 e-con-full e-flex e-con e-child\" data-id=\"95f6b53\" data-element_type=\"container\" data-settings=\"{&quot;background_background&quot;:&quot;classic&quot;}\">\n\t\t\t\t<\/div>\n\t\t<div class=\"elementor-element elementor-element-98d8bb2 e-con-full e-flex e-con e-child\" data-id=\"98d8bb2\" data-element_type=\"container\">\n\t\t\t\t<div class=\"elementor-element elementor-element-0c805e0 elementor-widget elementor-widget-text-editor\" data-id=\"0c805e0\" data-element_type=\"widget\" data-widget_type=\"text-editor.default\">\n\t\t\t\t<div class=\"elementor-widget-container\">\n\t\t\t\t\t\t\t<p>static memory series<\/p>\n\t\t\t\t\t\t<\/div>\n\t\t\t\t<\/div>\n\t\t\t\t<div class=\"elementor-element elementor-element-1c1adb1 elementor-widget elementor-widget-heading\" data-id=\"1c1adb1\" data-element_type=\"widget\" data-widget_type=\"heading.default\">\n\t\t\t\t<div class=\"elementor-widget-container\">\n\t\t\t<h5 class=\"elementor-heading-title elementor-size-default\">DMXSM8<\/h5>\t\t<\/div>\n\t\t\t\t<\/div>\n\t\t\t\t<div class=\"elementor-element elementor-element-607da2e elementor-widget elementor-widget-text-editor\" data-id=\"607da2e\" data-element_type=\"widget\" data-widget_type=\"text-editor.default\">\n\t\t\t\t<div class=\"elementor-widget-container\">\n\t\t\t\t\t\t\t<p>The DMX static memory card, DMX2-SM8, is a complement to DMX installations: it sits between the DMX generator (console, computer, etc.) and the DMX network. It has a memory of 8 static states which are inserted into the network and are activated only if the DMX signal is absent. It is available in two versions: -EOM and -DIN for DIN rail mounting, or in a 19&nbsp;\u00bb 1U enclosure.<\/p>\n\t\t\t\t\t\t<\/div>\n\t\t\t\t<\/div>\n\t\t\t\t<div class=\"elementor-element elementor-element-322d1e9 product-button elementor-widget elementor-widget-button\" data-id=\"322d1e9\" data-element_type=\"widget\" data-widget_type=\"button.default\">\n\t\t\t\t<div class=\"elementor-widget-container\">\n\t\t\t\t\t\t\t<div class=\"elementor-button-wrapper\">\n\t\t\t\t\t<a class=\"elementor-button elementor-button-link elementor-size-sm\" href=\"#\">\n\t\t\t\t\t\t<span class=\"elementor-button-content-wrapper\">\n\t\t\t\t\t\t<span class=\"elementor-button-icon\">\n\t\t\t\t<i aria-hidden=\"true\" class=\"fas fa-arrow-right\"><\/i>\t\t\t<\/span>\n\t\t\t\t\t\t\t\t\t<span class=\"elementor-button-text\">See product<\/span>\n\t\t\t\t\t<\/span>\n\t\t\t\t\t<\/a>\n\t\t\t\t<\/div>\n\t\t\t\t\t\t<\/div>\n\t\t\t\t<\/div>\n\t\t\t\t<\/div>\n\t\t\t\t\t<\/div>\n\t\t\t\t<\/div>\n\t\t\t\t\t<\/div>\n\t\t\t\t<\/div>\n\t\t\t\t<\/div>\n\t\t","protected":false},"excerpt":{"rendered":"<p>Our static memory DMX cards provide essential autonomy for your installation. <\/p>\n","protected":false},"author":2,"featured_media":262,"parent":0,"menu_order":0,"comment_status":"closed","ping_status":"closed","template":"","meta":{"footnotes":""},"class_list":["post-620","page","type-page","status-publish","has-post-thumbnail","hentry"],"yoast_head":"<!-- This site is optimized with the Yoast SEO plugin v24.0 - https:\/\/yoast.com\/wordpress\/plugins\/seo\/ -->\n<title>DMX static memory card | DMXToolbox<\/title>\n<meta name=\"description\" content=\"The static DMX memory card can store up to 8 different states to ensure your installations last!\" \/>\n<meta name=\"robots\" content=\"index, follow, max-snippet:-1, max-image-preview:large, max-video-preview:-1\" \/>\n<link rel=\"canonical\" href=\"https:\/\/dmxtoolbox.com\/en\/static-memory-series\/\" \/>\n<meta property=\"og:locale\" content=\"en_US\" \/>\n<meta property=\"og:type\" content=\"article\" \/>\n<meta property=\"og:title\" content=\"DMX static memory card | DMXToolbox\" \/>\n<meta property=\"og:description\" content=\"The static DMX memory card can store up to 8 different states to ensure your installations last!\" \/>\n<meta property=\"og:url\" content=\"https:\/\/dmxtoolbox.com\/en\/static-memory-series\/\" \/>\n<meta property=\"og:site_name\" content=\"DMXToolbox\" \/>\n<meta property=\"article:modified_time\" content=\"2023-11-28T15:38:07+00:00\" \/>\n<meta property=\"og:image\" content=\"https:\/\/dmxtoolbox.com\/wp-content\/uploads\/2023\/11\/DMXSM8.jpg\" \/>\n\t<meta property=\"og:image:width\" content=\"459\" \/>\n\t<meta property=\"og:image:height\" content=\"459\" \/>\n\t<meta property=\"og:image:type\" content=\"image\/jpeg\" \/>\n<meta name=\"twitter:card\" content=\"summary_large_image\" \/>\n<meta name=\"twitter:label1\" content=\"Est. reading time\" \/>\n\t<meta name=\"twitter:data1\" content=\"1 minute\" \/>\n<script type=\"application\/ld+json\" class=\"yoast-schema-graph\">{\"@context\":\"https:\/\/schema.org\",\"@graph\":[{\"@type\":\"WebPage\",\"@id\":\"https:\/\/dmxtoolbox.com\/en\/static-memory-series\/\",\"url\":\"https:\/\/dmxtoolbox.com\/en\/static-memory-series\/\",\"name\":\"DMX static memory card | DMXToolbox\",\"isPartOf\":{\"@id\":\"https:\/\/dmxtoolbox.com\/en\/#website\"},\"primaryImageOfPage\":{\"@id\":\"https:\/\/dmxtoolbox.com\/en\/static-memory-series\/#primaryimage\"},\"image\":{\"@id\":\"https:\/\/dmxtoolbox.com\/en\/static-memory-series\/#primaryimage\"},\"thumbnailUrl\":\"https:\/\/dmxtoolbox.com\/wp-content\/uploads\/2023\/11\/DMXSM8.jpg\",\"datePublished\":\"2023-11-28T08:42:21+00:00\",\"dateModified\":\"2023-11-28T15:38:07+00:00\",\"description\":\"The static DMX memory card can store up to 8 different states to ensure your installations last!\",\"breadcrumb\":{\"@id\":\"https:\/\/dmxtoolbox.com\/en\/static-memory-series\/#breadcrumb\"},\"inLanguage\":\"en-US\",\"potentialAction\":[{\"@type\":\"ReadAction\",\"target\":[\"https:\/\/dmxtoolbox.com\/en\/static-memory-series\/\"]}]},{\"@type\":\"ImageObject\",\"inLanguage\":\"en-US\",\"@id\":\"https:\/\/dmxtoolbox.com\/en\/static-memory-series\/#primaryimage\",\"url\":\"https:\/\/dmxtoolbox.com\/wp-content\/uploads\/2023\/11\/DMXSM8.jpg\",\"contentUrl\":\"https:\/\/dmxtoolbox.com\/wp-content\/uploads\/2023\/11\/DMXSM8.jpg\",\"width\":459,\"height\":459,\"caption\":\"Cette carte m\u00e9moire via DMX assure la per\u00e9nnit\u00e9 de vos installations.\"},{\"@type\":\"BreadcrumbList\",\"@id\":\"https:\/\/dmxtoolbox.com\/en\/static-memory-series\/#breadcrumb\",\"itemListElement\":[{\"@type\":\"ListItem\",\"position\":1,\"name\":\"Accueil\",\"item\":\"https:\/\/dmxtoolbox.com\/en\/home\/\"},{\"@type\":\"ListItem\",\"position\":2,\"name\":\"Static memory series\"}]},{\"@type\":\"WebSite\",\"@id\":\"https:\/\/dmxtoolbox.com\/en\/#website\",\"url\":\"https:\/\/dmxtoolbox.com\/en\/\",\"name\":\"DMXToolbox - Cartes DMX\",\"description\":\"Le sp\u00e9cialiste de la conception de cartes DMX\",\"publisher\":{\"@id\":\"https:\/\/dmxtoolbox.com\/en\/#organization\"},\"alternateName\":\"DMXToolbox\",\"potentialAction\":[{\"@type\":\"SearchAction\",\"target\":{\"@type\":\"EntryPoint\",\"urlTemplate\":\"https:\/\/dmxtoolbox.com\/en\/?s={search_term_string}\"},\"query-input\":{\"@type\":\"PropertyValueSpecification\",\"valueRequired\":true,\"valueName\":\"search_term_string\"}}],\"inLanguage\":\"en-US\"},{\"@type\":\"Organization\",\"@id\":\"https:\/\/dmxtoolbox.com\/en\/#organization\",\"name\":\"DMXToolbox\",\"url\":\"https:\/\/dmxtoolbox.com\/en\/\",\"logo\":{\"@type\":\"ImageObject\",\"inLanguage\":\"en-US\",\"@id\":\"https:\/\/dmxtoolbox.com\/en\/#\/schema\/logo\/image\/\",\"url\":\"https:\/\/dmxtoolbox.com\/wp-content\/uploads\/2023\/11\/logo.png\",\"contentUrl\":\"https:\/\/dmxtoolbox.com\/wp-content\/uploads\/2023\/11\/logo.png\",\"width\":1200,\"height\":675,\"caption\":\"DMXToolbox\"},\"image\":{\"@id\":\"https:\/\/dmxtoolbox.com\/en\/#\/schema\/logo\/image\/\"}}]}<\/script>\n<!-- \/ Yoast SEO plugin. -->","yoast_head_json":{"title":"DMX static memory card | DMXToolbox","description":"The static DMX memory card can store up to 8 different states to ensure your installations last!","robots":{"index":"index","follow":"follow","max-snippet":"max-snippet:-1","max-image-preview":"max-image-preview:large","max-video-preview":"max-video-preview:-1"},"canonical":"https:\/\/dmxtoolbox.com\/en\/static-memory-series\/","og_locale":"en_US","og_type":"article","og_title":"DMX static memory card | DMXToolbox","og_description":"The static DMX memory card can store up to 8 different states to ensure your installations last!","og_url":"https:\/\/dmxtoolbox.com\/en\/static-memory-series\/","og_site_name":"DMXToolbox","article_modified_time":"2023-11-28T15:38:07+00:00","og_image":[{"width":459,"height":459,"url":"https:\/\/dmxtoolbox.com\/wp-content\/uploads\/2023\/11\/DMXSM8.jpg","type":"image\/jpeg"}],"twitter_card":"summary_large_image","twitter_misc":{"Est. reading time":"1 minute"},"schema":{"@context":"https:\/\/schema.org","@graph":[{"@type":"WebPage","@id":"https:\/\/dmxtoolbox.com\/en\/static-memory-series\/","url":"https:\/\/dmxtoolbox.com\/en\/static-memory-series\/","name":"DMX static memory card | DMXToolbox","isPartOf":{"@id":"https:\/\/dmxtoolbox.com\/en\/#website"},"primaryImageOfPage":{"@id":"https:\/\/dmxtoolbox.com\/en\/static-memory-series\/#primaryimage"},"image":{"@id":"https:\/\/dmxtoolbox.com\/en\/static-memory-series\/#primaryimage"},"thumbnailUrl":"https:\/\/dmxtoolbox.com\/wp-content\/uploads\/2023\/11\/DMXSM8.jpg","datePublished":"2023-11-28T08:42:21+00:00","dateModified":"2023-11-28T15:38:07+00:00","description":"The static DMX memory card can store up to 8 different states to ensure your installations last!","breadcrumb":{"@id":"https:\/\/dmxtoolbox.com\/en\/static-memory-series\/#breadcrumb"},"inLanguage":"en-US","potentialAction":[{"@type":"ReadAction","target":["https:\/\/dmxtoolbox.com\/en\/static-memory-series\/"]}]},{"@type":"ImageObject","inLanguage":"en-US","@id":"https:\/\/dmxtoolbox.com\/en\/static-memory-series\/#primaryimage","url":"https:\/\/dmxtoolbox.com\/wp-content\/uploads\/2023\/11\/DMXSM8.jpg","contentUrl":"https:\/\/dmxtoolbox.com\/wp-content\/uploads\/2023\/11\/DMXSM8.jpg","width":459,"height":459,"caption":"Cette carte m\u00e9moire via DMX assure la per\u00e9nnit\u00e9 de vos installations."},{"@type":"BreadcrumbList","@id":"https:\/\/dmxtoolbox.com\/en\/static-memory-series\/#breadcrumb","itemListElement":[{"@type":"ListItem","position":1,"name":"Accueil","item":"https:\/\/dmxtoolbox.com\/en\/home\/"},{"@type":"ListItem","position":2,"name":"Static memory series"}]},{"@type":"WebSite","@id":"https:\/\/dmxtoolbox.com\/en\/#website","url":"https:\/\/dmxtoolbox.com\/en\/","name":"DMXToolbox - Cartes DMX","description":"Le sp\u00e9cialiste de la conception de cartes DMX","publisher":{"@id":"https:\/\/dmxtoolbox.com\/en\/#organization"},"alternateName":"DMXToolbox","potentialAction":[{"@type":"SearchAction","target":{"@type":"EntryPoint","urlTemplate":"https:\/\/dmxtoolbox.com\/en\/?s={search_term_string}"},"query-input":{"@type":"PropertyValueSpecification","valueRequired":true,"valueName":"search_term_string"}}],"inLanguage":"en-US"},{"@type":"Organization","@id":"https:\/\/dmxtoolbox.com\/en\/#organization","name":"DMXToolbox","url":"https:\/\/dmxtoolbox.com\/en\/","logo":{"@type":"ImageObject","inLanguage":"en-US","@id":"https:\/\/dmxtoolbox.com\/en\/#\/schema\/logo\/image\/","url":"https:\/\/dmxtoolbox.com\/wp-content\/uploads\/2023\/11\/logo.png","contentUrl":"https:\/\/dmxtoolbox.com\/wp-content\/uploads\/2023\/11\/logo.png","width":1200,"height":675,"caption":"DMXToolbox"},"image":{"@id":"https:\/\/dmxtoolbox.com\/en\/#\/schema\/logo\/image\/"}}]}},"_links":{"self":[{"href":"https:\/\/dmxtoolbox.com\/en\/wp-json\/wp\/v2\/pages\/620","targetHints":{"allow":["GET"]}}],"collection":[{"href":"https:\/\/dmxtoolbox.com\/en\/wp-json\/wp\/v2\/pages"}],"about":[{"href":"https:\/\/dmxtoolbox.com\/en\/wp-json\/wp\/v2\/types\/page"}],"author":[{"embeddable":true,"href":"https:\/\/dmxtoolbox.com\/en\/wp-json\/wp\/v2\/users\/2"}],"replies":[{"embeddable":true,"href":"https:\/\/dmxtoolbox.com\/en\/wp-json\/wp\/v2\/comments?post=620"}],"version-history":[{"count":1,"href":"https:\/\/dmxtoolbox.com\/en\/wp-json\/wp\/v2\/pages\/620\/revisions"}],"predecessor-version":[{"id":621,"href":"https:\/\/dmxtoolbox.com\/en\/wp-json\/wp\/v2\/pages\/620\/revisions\/621"}],"wp:featuredmedia":[{"embeddable":true,"href":"https:\/\/dmxtoolbox.com\/en\/wp-json\/wp\/v2\/media\/262"}],"wp:attachment":[{"href":"https:\/\/dmxtoolbox.com\/en\/wp-json\/wp\/v2\/media?parent=620"}],"curies":[{"name":"wp","href":"https:\/\/api.w.org\/{rel}","templated":true}]}}